{"id":1337,"date":"2025-07-03T15:11:03","date_gmt":"2025-07-03T15:11:03","guid":{"rendered":"https:\/\/adamasteel.com\/chi-siamo\/"},"modified":"2025-10-09T06:27:35","modified_gmt":"2025-10-09T06:27:35","slug":"sobre-nostros","status":"publish","type":"page","link":"https:\/\/adamasteel.com\/es\/sobre-nostros\/","title":{"rendered":"Sobre Nostros"},"content":{"rendered":"\n\t<section class=\"section\" id=\"section_234080661\">\n\t\t<div class=\"section-bg fill\" >\n\t\t\t\t\t\t\t\t\t\n\t\t\t\n\n\t\t<\/div>\n\n\t\t\n\n\t\t<div class=\"section-content relative\">\n\t\t\t\n\t<div id=\"gap-1716759047\" class=\"gap-element clearfix\" style=\"display:block; height:auto;\">\n\t\t\n<style>\n#gap-1716759047 {\n  padding-top: 67px;\n}\n<\/style>\n\t<\/div>\n\t\n<div class=\"row align-center\"  id=\"row-628390310\">\n\n\t<div id=\"col-1078001766\" class=\"col medium-9 small-12 large-9\"  >\n\t\t\t\t<div class=\"col-inner text-center\"  >\n\t\t\t\n\t\t\t\n<h1><span style=\"background-color: #000000; color: #ffffff; font-size: 120%;\">\u00a0 SOBRE NOSOTROS\u00a0\u00a0<\/span><\/h1>\n\t\t<\/div>\n\t\t\t\t\n<style>\n#col-1078001766 > .col-inner {\n  padding: 0px 30px 0px 30px;\n}\n<\/style>\n\t<\/div>\n\n\t\n<\/div>\n\t\t<\/div>\n\n\t\t\n<style>\n#section_234080661 {\n  padding-top: 0px;\n  padding-bottom: 0px;\n}\n<\/style>\n\t<\/section>\n\t\n\n\t<section class=\"section\" id=\"section_99548047\">\n\t\t<div class=\"section-bg fill\" >\n\t\t\t\t\t\t\t\t\t\n\t\t\t\n\n\t\t<\/div>\n\n\t\t\n\n\t\t<div class=\"section-content relative\">\n\t\t\t\n<div class=\"row align-middle\"  id=\"row-761029788\">\n\n\t<div id=\"col-10953319\" class=\"col medium-6 small-12 large-6\"  >\n\t\t\t\t<div class=\"col-inner\"  >\n\t\t\t\n\t\t\t\n<p><strong>Adamasteel Srl <\/strong>es una empresa con quince a\u00f1os de experiencia en la intermediaci\u00f3n comercial internacional en la industria sider\u00fargica. Con sede en Segrate (Mil\u00e1n) y sede operativa en G\u00e9nova, actuamos como agentes en el mercado italiano para los principales productores del sector sider\u00fargico indio.<\/p>\n<p>Nuestra actividad se centra principalmente en el mercado italiano, la regi\u00f3n mediterr\u00e1nea y Latinoam\u00e9rica, donde contamos con una red consolidada de socios locales. Gracias a nuestra red global de contactos y a nuestro profundo conocimiento del mercado, podemos ofrecer soluciones eficaces y competitivas a nivel internacional.<\/p>\n\t\t<\/div>\n\t\t\t\t\n<style>\n#col-10953319 > .col-inner {\n  padding: 0px 30px 0px 30px;\n}\n<\/style>\n\t<\/div>\n\n\t\n\n\t<div id=\"col-1735562264\" class=\"col medium-6 small-12 large-6\"  >\n\t\t\t\t<div class=\"col-inner\"  >\n\t\t\t\n\t\t\t\n\t<div class=\"img has-hover x md-x lg-x y md-y lg-y\" id=\"image_701379783\">\n\t\t\t\t\t\t<div data-animate=\"fadeInLeft\">\t\t<div class=\"img-inner box-shadow-3 dark\" >\n\t\t\t<img loading=\"lazy\" decoding=\"async\" width=\"2200\" height=\"1649\" src=\"https:\/\/adamasteel.com\/wp-content\/uploads\/2025\/08\/foto-uff1.jpg\" class=\"attachment-original size-original\" alt=\"\" srcset=\"https:\/\/adamasteel.com\/wp-content\/uploads\/2025\/08\/foto-uff1.jpg 2200w, https:\/\/adamasteel.com\/wp-content\/uploads\/2025\/08\/foto-uff1-300x225.jpg 300w, https:\/\/adamasteel.com\/wp-content\/uploads\/2025\/08\/foto-uff1-1024x768.jpg 1024w, https:\/\/adamasteel.com\/wp-content\/uploads\/2025\/08\/foto-uff1-768x576.jpg 768w, https:\/\/adamasteel.com\/wp-content\/uploads\/2025\/08\/foto-uff1-1536x1151.jpg 1536w, https:\/\/adamasteel.com\/wp-content\/uploads\/2025\/08\/foto-uff1-2048x1535.jpg 2048w\" sizes=\"auto, (max-width: 2200px) 100vw, 2200px\" \/>\t\t\t\t\t\t\n\t\t\t\t\t<\/div>\n\t\t<\/div>\t\t\t\t\t\t\n<style>\n#image_701379783 {\n  width: 100%;\n}\n<\/style>\n\t<\/div>\n\t\n\t\t<\/div>\n\t\t\t\t\t<\/div>\n\n\t\n<\/div>\n<div class=\"row align-middle\"  id=\"row-1342807434\">\n\n\t<div id=\"col-599832900\" class=\"col medium-6 small-12 large-6\"  >\n\t\t\t\t<div class=\"col-inner\"  >\n\t\t\t\n\t\t\t\n\t<div class=\"img has-hover x md-x lg-x y md-y lg-y\" id=\"image_1895565043\">\n\t\t\t\t\t\t<div data-animate=\"fadeInLeft\">\t\t<div class=\"img-inner box-shadow-3 dark\" >\n\t\t\t<img loading=\"lazy\" decoding=\"async\" width=\"800\" height=\"600\" src=\"https:\/\/adamasteel.com\/wp-content\/uploads\/2025\/07\/Prepaited_Hot-dip_Galvanized2.jpg\" class=\"attachment-original size-original\" alt=\"\" srcset=\"https:\/\/adamasteel.com\/wp-content\/uploads\/2025\/07\/Prepaited_Hot-dip_Galvanized2.jpg 800w, https:\/\/adamasteel.com\/wp-content\/uploads\/2025\/07\/Prepaited_Hot-dip_Galvanized2-300x225.jpg 300w, https:\/\/adamasteel.com\/wp-content\/uploads\/2025\/07\/Prepaited_Hot-dip_Galvanized2-768x576.jpg 768w\" sizes=\"auto, (max-width: 800px) 100vw, 800px\" \/>\t\t\t\t\t\t\n\t\t\t\t\t<\/div>\n\t\t<\/div>\t\t\t\t\t\t\n<style>\n#image_1895565043 {\n  width: 100%;\n}\n<\/style>\n\t<\/div>\n\t\n\t\t<\/div>\n\t\t\t\t\t<\/div>\n\n\t\n\n\t<div id=\"col-1488084474\" class=\"col medium-6 small-12 large-6 small-col-first\"  >\n\t\t\t\t<div class=\"col-inner\"  >\n\t\t\t\n\t\t\t\n<p>La experiencia adquirida a lo largo de los a\u00f1os, combinada con nuestra colaboraci\u00f3n directa con un importante actor de la industria sider\u00fargica india, nos permite garantizar a nuestros clientes altos est\u00e1ndares de calidad, negociaciones transparentes y un servicio de intermediaci\u00f3n s\u00f3lido y fiable.<\/p>\n<p>Nuestra misi\u00f3n es convertirnos en un referente para clientes y proveedores de la industria sider\u00fargica, ofreciendo un apoyo competente, oportuno y estrat\u00e9gico en cada etapa de la transacci\u00f3n comercial.<\/p>\n\t\t<\/div>\n\t\t\t\t\n<style>\n#col-1488084474 > .col-inner {\n  padding: 0px 30px 0px 30px;\n}\n<\/style>\n\t<\/div>\n\n\t\n<\/div>\n\t\t<\/div>\n\n\t\t\n<style>\n#section_99548047 {\n  padding-top: 42px;\n  padding-bottom: 42px;\n}\n<\/style>\n\t<\/section>\n\t\n","protected":false},"excerpt":{"rendered":"","protected":false},"author":1,"featured_media":0,"parent":0,"menu_order":0,"comment_status":"closed","ping_status":"closed","template":"page-blank.php","meta":{"footnotes":""},"class_list":["post-1337","page","type-page","status-publish","hentry"],"_links":{"self":[{"href":"https:\/\/adamasteel.com\/es\/wp-json\/wp\/v2\/pages\/1337","targetHints":{"allow":["GET"]}}],"collection":[{"href":"https:\/\/adamasteel.com\/es\/wp-json\/wp\/v2\/pages"}],"about":[{"href":"https:\/\/adamasteel.com\/es\/wp-json\/wp\/v2\/types\/page"}],"author":[{"embeddable":true,"href":"https:\/\/adamasteel.com\/es\/wp-json\/wp\/v2\/users\/1"}],"replies":[{"embeddable":true,"href":"https:\/\/adamasteel.com\/es\/wp-json\/wp\/v2\/comments?post=1337"}],"version-history":[{"count":2,"href":"https:\/\/adamasteel.com\/es\/wp-json\/wp\/v2\/pages\/1337\/revisions"}],"predecessor-version":[{"id":1339,"href":"https:\/\/adamasteel.com\/es\/wp-json\/wp\/v2\/pages\/1337\/revisions\/1339"}],"wp:attachment":[{"href":"https:\/\/adamasteel.com\/es\/wp-json\/wp\/v2\/media?parent=1337"}],"curies":[{"name":"wp","href":"https:\/\/api.w.org\/{rel}","templated":true}]}}