{"id":1340,"date":"2023-05-05T15:25:43","date_gmt":"2023-05-05T15:25:43","guid":{"rendered":"https:\/\/adamasteel.com\/home\/"},"modified":"2025-10-09T06:51:13","modified_gmt":"2025-10-09T06:51:13","slug":"home","status":"publish","type":"page","link":"https:\/\/adamasteel.com\/es\/","title":{"rendered":"Home"},"content":{"rendered":"\n  <div class=\"banner has-hover has-parallax\" id=\"banner-1574274202\">\n          <div class=\"banner-inner fill\">\n        <div class=\"banner-bg fill\" data-parallax=\"-4\" data-parallax-container=\".banner\" data-parallax-background>\n            <img loading=\"lazy\" decoding=\"async\" width=\"800\" height=\"600\" src=\"https:\/\/adamasteel.com\/wp-content\/uploads\/2025\/07\/Cold-Rolled2.jpg\" class=\"bg attachment-original size-original\" alt=\"\" \/>                        <div class=\"overlay\"><\/div>            \n                    <\/div>\n\t\t\n        <div class=\"banner-layers container\">\n            <div class=\"fill banner-link\"><\/div>            \n   <div id=\"text-box-329432322\" class=\"text-box banner-layer x50 md-x50 lg-x50 y25 md-y50 lg-y50 res-text\">\n                                <div class=\"text-box-content text \">\n              \n\t<div class=\"is-border\"\n\t\tstyle=\"border-width:0px 0px 0px 0px;\">\n\t<\/div>\n              <div class=\"text-inner text-center\">\n                  \n\t<div id=\"text-1077402612\" class=\"text\">\n\t\t\n<h2><span style=\"text-decoration: underline;\">ADAMASTEEL SRL<\/span><\/h2>\n<h3 class=\"p1\">15 a\u00f1os de experiencia en intermediaci\u00f3n comercial internacional en la industria sider\u00fargica.<\/h3>\n\t\t\n<style>\n#text-1077402612 {\n  color: rgb(255,255,255);\n}\n#text-1077402612 > * {\n  color: rgb(255,255,255);\n}\n<\/style>\n\t<\/div>\n\t\n\t<div id=\"gap-1048998866\" class=\"gap-element clearfix\" style=\"display:block; height:auto;\">\n\t\t\n<style>\n#gap-1048998866 {\n  padding-top: 30px;\n}\n<\/style>\n\t<\/div>\n\t\n\t<div class=\"img has-hover x md-x lg-x y md-y lg-y\" id=\"image_987074285\">\n\t\t\t\t\t\t\t\t<div class=\"img-inner dark\" >\n\t\t\t<img loading=\"lazy\" decoding=\"async\" width=\"2037\" height=\"457\" src=\"https:\/\/adamasteel.com\/wp-content\/uploads\/2025\/08\/Logo.png\" class=\"attachment-original size-original\" alt=\"\" srcset=\"https:\/\/adamasteel.com\/wp-content\/uploads\/2025\/08\/Logo.png 2037w, https:\/\/adamasteel.com\/wp-content\/uploads\/2025\/08\/Logo-300x67.png 300w, https:\/\/adamasteel.com\/wp-content\/uploads\/2025\/08\/Logo-1024x230.png 1024w, https:\/\/adamasteel.com\/wp-content\/uploads\/2025\/08\/Logo-768x172.png 768w, https:\/\/adamasteel.com\/wp-content\/uploads\/2025\/08\/Logo-1536x345.png 1536w\" sizes=\"auto, (max-width: 2037px) 100vw, 2037px\" \/>\t\t\t\t\t\t\n\t\t\t\t\t<\/div>\n\t\t\t\t\t\t\t\t\n<style>\n#image_987074285 {\n  width: 54%;\n}\n@media (min-width:550px) {\n  #image_987074285 {\n    width: 40%;\n  }\n}\n@media (min-width:850px) {\n  #image_987074285 {\n    width: 29%;\n  }\n}\n<\/style>\n\t<\/div>\n\t\n              <\/div>\n           <\/div>\n                            \n<style>\n#text-box-329432322 {\n  margin: 0px 0px 0px 0px;\n  width: 95%;\n}\n#text-box-329432322 .text-box-content {\n  background-color: rgba(0, 0, 0, 0.517);\n  border-radius: 2px;\n  font-size: 100%;\n}\n#text-box-329432322 .text-inner {\n  padding: 10px 5px 10px 5px;\n}\n@media (min-width:550px) {\n  #text-box-329432322 {\n    width: 67%;\n  }\n}\n<\/style>\n    <\/div>\n \n        <\/div>\n      <\/div>\n\n            \n<style>\n#banner-1574274202 {\n  padding-top: 617px;\n}\n#banner-1574274202 .overlay {\n  background-color: rgba(0, 0, 0, 0);\n}\n#banner-1574274202 .banner-bg img {\n  object-position: 50% 65%;\n}\n@media (min-width:550px) {\n  #banner-1574274202 {\n    padding-top: 728px;\n  }\n}\n<\/style>\n  <\/div>\n\n\n\n\t<section class=\"section\" id=\"section_262438053\">\n\t\t<div class=\"section-bg fill\" >\n\t\t\t\t\t\t\t\t\t\n\t\t\t\n\n\t\t<\/div>\n\n\t\t\n\n\t\t<div class=\"section-content relative\">\n\t\t\t\n\t<div id=\"gap-224956258\" class=\"gap-element clearfix\" style=\"display:block; height:auto;\">\n\t\t\n<style>\n#gap-224956258 {\n  padding-top: 71px;\n}\n<\/style>\n\t<\/div>\n\t\n<div class=\"row align-middle\"  id=\"row-505252994\">\n\n\t<div id=\"col-125095711\" class=\"col medium-6 small-12 large-6\"  >\n\t\t\t\t<div class=\"col-inner\"  >\n\t\t\t\n\t\t\t\n<h2><span style=\"background-color: #000000; color: #ffffff;\">\u00a0SOBRE NOSOTROS\u00a0<\/span><\/h2>\n<p class=\"p1\"><strong>Adamasteel Srl <\/strong>es una empresa con quince a\u00f1os de experiencia en la intermediaci\u00f3n comercial internacional en la industria sider\u00fargica. Con sede en Segrate (Mil\u00e1n) y sede operativa en G\u00e9nova, actuamos como agentes en el mercado italiano para los principales productores del sector sider\u00fargico indio.<\/p>\n<a href=\"https:\/\/adamasteel.com\/es\/sobre-nostros\/\" class=\"button primary is-outline is-small lowercase\"  >\n\t\t<span>Detalles<\/span>\n\t<i class=\"icon-angle-right\" aria-hidden=\"true\" ><\/i><\/a>\n\n\t\t<\/div>\n\t\t\t\t\n<style>\n#col-125095711 > .col-inner {\n  padding: 0px 30px 0px 30px;\n}\n<\/style>\n\t<\/div>\n\n\t\n\n\t<div id=\"col-1593573713\" class=\"col medium-6 small-12 large-6\"  >\n\t\t\t\t<div class=\"col-inner\"  >\n\t\t\t\n\t\t\t\n\t<div class=\"img has-hover x md-x lg-x y md-y lg-y\" id=\"image_98021079\">\n\t\t\t\t\t\t<div data-animate=\"fadeInRight\">\t\t<div class=\"img-inner box-shadow-3 dark\" >\n\t\t\t<img loading=\"lazy\" decoding=\"async\" width=\"2200\" height=\"1649\" src=\"https:\/\/adamasteel.com\/wp-content\/uploads\/2025\/08\/foto-uff1.jpg\" class=\"attachment-original size-original\" alt=\"\" srcset=\"https:\/\/adamasteel.com\/wp-content\/uploads\/2025\/08\/foto-uff1.jpg 2200w, https:\/\/adamasteel.com\/wp-content\/uploads\/2025\/08\/foto-uff1-300x225.jpg 300w, https:\/\/adamasteel.com\/wp-content\/uploads\/2025\/08\/foto-uff1-1024x768.jpg 1024w, https:\/\/adamasteel.com\/wp-content\/uploads\/2025\/08\/foto-uff1-768x576.jpg 768w, https:\/\/adamasteel.com\/wp-content\/uploads\/2025\/08\/foto-uff1-1536x1151.jpg 1536w, https:\/\/adamasteel.com\/wp-content\/uploads\/2025\/08\/foto-uff1-2048x1535.jpg 2048w\" sizes=\"auto, (max-width: 2200px) 100vw, 2200px\" \/>\t\t\t\t\t\t\n\t\t\t\t\t<\/div>\n\t\t<\/div>\t\t\t\t\t\t\n<style>\n#image_98021079 {\n  width: 100%;\n}\n<\/style>\n\t<\/div>\n\t\n\t\t<\/div>\n\t\t\t\t\t<\/div>\n\n\t\n<\/div>\n\t<div id=\"gap-1572669736\" class=\"gap-element clearfix\" style=\"display:block; height:auto;\">\n\t\t\n<style>\n#gap-1572669736 {\n  padding-top: 30px;\n}\n<\/style>\n\t<\/div>\n\t\n<div class=\"row align-middle align-center\"  id=\"row-285280922\">\n\n\t<div id=\"col-1814650502\" class=\"col medium-5 small-12 large-5\"  >\n\t\t\t\t<div class=\"col-inner\"  >\n\t\t\t\n\t\t\t\n<a href=\"#contatti\" target=\"_blank\" class=\"button primary is-outline is-larger expand\" rel=\"noopener\"  >\n\t\t<span>Cont\u00e1ctanos<\/span>\n\t<i class=\"icon-angle-right\" aria-hidden=\"true\" ><\/i><\/a>\n\n\t\t<\/div>\n\t\t\t\t\t<\/div>\n\n\t\n<\/div>\n<span class=\"scroll-to\" data-label=\"Scroll to: #gallery\" data-bullet=\"false\" data-link=\"#gallery\" data-title=\"gallery\" ><a name=\"gallery\"><\/a><\/span>\n\t\t<\/div>\n\n\t\t\n<style>\n#section_262438053 {\n  padding-top: 0px;\n  padding-bottom: 0px;\n}\n<\/style>\n\t<\/section>\n\t\n\n\t<section class=\"section\" id=\"section_1818545476\">\n\t\t<div class=\"section-bg fill\" >\n\t\t\t\t\t\t\t\t\t\n\t\t\t\n\n\t\t<\/div>\n\n\t\t\n\n\t\t<div class=\"section-content relative\">\n\t\t\t\n<div class=\"row align-middle\"  id=\"row-1325473385\">\n\n\t<div id=\"col-558165448\" class=\"col medium-6 small-12 large-6\"  >\n\t\t\t\t<div class=\"col-inner\"  >\n\t\t\t\n\t\t\t\n\t<div class=\"img has-hover x md-x lg-x y md-y lg-y\" id=\"image_749704300\">\n\t\t\t\t\t\t<div data-animate=\"fadeInLeft\">\t\t<div class=\"img-inner box-shadow-3 dark\" >\n\t\t\t<img loading=\"lazy\" decoding=\"async\" width=\"2200\" height=\"1649\" src=\"https:\/\/adamasteel.com\/wp-content\/uploads\/2025\/08\/foto-uff2.jpg\" class=\"attachment-original size-original\" alt=\"\" srcset=\"https:\/\/adamasteel.com\/wp-content\/uploads\/2025\/08\/foto-uff2.jpg 2200w, https:\/\/adamasteel.com\/wp-content\/uploads\/2025\/08\/foto-uff2-300x225.jpg 300w, https:\/\/adamasteel.com\/wp-content\/uploads\/2025\/08\/foto-uff2-1024x768.jpg 1024w, https:\/\/adamasteel.com\/wp-content\/uploads\/2025\/08\/foto-uff2-768x576.jpg 768w, https:\/\/adamasteel.com\/wp-content\/uploads\/2025\/08\/foto-uff2-1536x1151.jpg 1536w, https:\/\/adamasteel.com\/wp-content\/uploads\/2025\/08\/foto-uff2-2048x1535.jpg 2048w\" sizes=\"auto, (max-width: 2200px) 100vw, 2200px\" \/>\t\t\t\t\t\t\n\t\t\t\t\t<\/div>\n\t\t<\/div>\t\t\t\t\t\t\n<style>\n#image_749704300 {\n  width: 100%;\n}\n<\/style>\n\t<\/div>\n\t\n\t\t<\/div>\n\t\t\t\t\t<\/div>\n\n\t\n\n\t<div id=\"col-1482339995\" class=\"col medium-6 small-12 large-6 small-col-first\"  >\n\t\t\t\t<div class=\"col-inner\"  >\n\t\t\t\n\t\t\t\n<h2><span style=\"background-color: #000000; color: #ffffff;\">\u00a0 SERVICIOS\u00a0\u00a0<\/span><\/h2>\n<p>Ofrecemos soporte integral en importaci\u00f3n\/exportaci\u00f3n, tanto para quienes dan sus primeros pasos en el comercio internacional como para operadores experimentados que buscan optimizar tiempos, costos y resultados.<\/p>\n<a href=\"https:\/\/adamasteel.com\/es\/servicios\/\" class=\"button primary is-outline is-small lowercase\"  >\n\t\t<span>Todos nuestros servicios<\/span>\n\t<i class=\"icon-angle-right\" aria-hidden=\"true\" ><\/i><\/a>\n\n\t\t<\/div>\n\t\t\t\t\n<style>\n#col-1482339995 > .col-inner {\n  padding: 0px 30px 0px 30px;\n}\n<\/style>\n\t<\/div>\n\n\t\n<\/div>\n\t\t<\/div>\n\n\t\t\n<style>\n#section_1818545476 {\n  padding-top: 42px;\n  padding-bottom: 42px;\n}\n<\/style>\n\t<\/section>\n\t\n\n\t<section class=\"section\" id=\"section_1207329602\">\n\t\t<div class=\"section-bg fill\" >\n\t\t\t\t\t\t\t\t\t\n\t\t\t\n\n\t\t<\/div>\n\n\t\t\n\n\t\t<div class=\"section-content relative\">\n\t\t\t\n<div class=\"row align-middle\"  id=\"row-139211578\">\n\n\t<div id=\"col-100563868\" class=\"col medium-6 small-12 large-6\"  >\n\t\t\t\t<div class=\"col-inner\"  >\n\t\t\t\n\t\t\t\n<h2 class=\"uppercase\"><span style=\"background-color: #000000; color: #ffffff;\">\u00a0 Productos \u00a0<\/span><\/h2>\n<ul>\n<li class=\"bullet-checkmark\">Bobinas laminadas en fr\u00edo<\/li>\n<li class=\"bullet-checkmark\">Bobinas galvanizadas por inmersi\u00f3n en caliente<\/li>\n<li class=\"bullet-checkmark\">L\u00e1minas corrugadas galvanizadas por inmersi\u00f3n en caliente<\/li>\n<li class=\"bullet-checkmark\">Bobinas prepintadas sobre una base galvanizada o Galvalume<\/li>\n<li class=\"bullet-checkmark\">Placas gruesas<\/li>\n<li class=\"bullet-checkmark\">Tubos<\/li>\n<\/ul>\n<a href=\"https:\/\/adamasteel.com\/es\/productos\/\" class=\"button primary is-outline is-small lowercase\"  >\n\t\t<span>Productos<\/span>\n\t<i class=\"icon-angle-right\" aria-hidden=\"true\" ><\/i><\/a>\n\n\t\t<\/div>\n\t\t\t\t\n<style>\n#col-100563868 > .col-inner {\n  padding: 0px 30px 0px 30px;\n}\n<\/style>\n\t<\/div>\n\n\t\n\n\t<div id=\"col-1133023448\" class=\"col medium-6 small-12 large-6\"  >\n\t\t\t\t<div class=\"col-inner\"  >\n\t\t\t\n\t\t\t\n\t<div class=\"img has-hover x md-x lg-x y md-y lg-y\" id=\"image_784951618\">\n\t\t\t\t\t\t<div data-animate=\"fadeInLeft\">\t\t<div class=\"img-inner box-shadow-3 dark\" >\n\t\t\t<img loading=\"lazy\" decoding=\"async\" width=\"800\" height=\"600\" src=\"https:\/\/adamasteel.com\/wp-content\/uploads\/2025\/07\/Prepaited_Hot-dip_Galvanized2.jpg\" class=\"attachment-original size-original\" alt=\"\" srcset=\"https:\/\/adamasteel.com\/wp-content\/uploads\/2025\/07\/Prepaited_Hot-dip_Galvanized2.jpg 800w, https:\/\/adamasteel.com\/wp-content\/uploads\/2025\/07\/Prepaited_Hot-dip_Galvanized2-300x225.jpg 300w, https:\/\/adamasteel.com\/wp-content\/uploads\/2025\/07\/Prepaited_Hot-dip_Galvanized2-768x576.jpg 768w\" sizes=\"auto, (max-width: 800px) 100vw, 800px\" \/>\t\t\t\t\t\t\n\t\t\t\t\t<\/div>\n\t\t<\/div>\t\t\t\t\t\t\n<style>\n#image_784951618 {\n  width: 100%;\n}\n<\/style>\n\t<\/div>\n\t\n\t\t<\/div>\n\t\t\t\t\t<\/div>\n\n\t\n<\/div>\n\t\t<\/div>\n\n\t\t\n<style>\n#section_1207329602 {\n  padding-top: 42px;\n  padding-bottom: 42px;\n}\n<\/style>\n\t<\/section>\n\t\n","protected":false},"excerpt":{"rendered":"","protected":false},"author":1,"featured_media":0,"parent":0,"menu_order":0,"comment_status":"closed","ping_status":"closed","template":"page-blank.php","meta":{"footnotes":""},"class_list":["post-1340","page","type-page","status-publish","hentry"],"_links":{"self":[{"href":"https:\/\/adamasteel.com\/es\/wp-json\/wp\/v2\/pages\/1340","targetHints":{"allow":["GET"]}}],"collection":[{"href":"https:\/\/adamasteel.com\/es\/wp-json\/wp\/v2\/pages"}],"about":[{"href":"https:\/\/adamasteel.com\/es\/wp-json\/wp\/v2\/types\/page"}],"author":[{"embeddable":true,"href":"https:\/\/adamasteel.com\/es\/wp-json\/wp\/v2\/users\/1"}],"replies":[{"embeddable":true,"href":"https:\/\/adamasteel.com\/es\/wp-json\/wp\/v2\/comments?post=1340"}],"version-history":[{"count":6,"href":"https:\/\/adamasteel.com\/es\/wp-json\/wp\/v2\/pages\/1340\/revisions"}],"predecessor-version":[{"id":1358,"href":"https:\/\/adamasteel.com\/es\/wp-json\/wp\/v2\/pages\/1340\/revisions\/1358"}],"wp:attachment":[{"href":"https:\/\/adamasteel.com\/es\/wp-json\/wp\/v2\/media?parent=1340"}],"curies":[{"name":"wp","href":"https:\/\/api.w.org\/{rel}","templated":true}]}}