{"id":1345,"date":"2025-07-03T14:49:06","date_gmt":"2025-07-03T14:49:06","guid":{"rendered":"https:\/\/adamasteel.com\/servizi\/"},"modified":"2025-10-09T06:31:33","modified_gmt":"2025-10-09T06:31:33","slug":"servicios","status":"publish","type":"page","link":"https:\/\/adamasteel.com\/es\/servicios\/","title":{"rendered":"Servicios"},"content":{"rendered":"\n\t<section class=\"section\" id=\"section_1679373621\">\n\t\t<div class=\"section-bg fill\" >\n\t\t\t\t\t\t\t\t\t\n\t\t\t\n\n\t\t<\/div>\n\n\t\t\n\n\t\t<div class=\"section-content relative\">\n\t\t\t\n\t<div id=\"gap-319209494\" class=\"gap-element clearfix\" style=\"display:block; height:auto;\">\n\t\t\n<style>\n#gap-319209494 {\n  padding-top: 67px;\n}\n<\/style>\n\t<\/div>\n\t\n<div class=\"row align-center\"  id=\"row-1470309550\">\n\n\t<div id=\"col-1966904299\" class=\"col medium-10 small-12 large-10\"  >\n\t\t\t\t<div class=\"col-inner text-center\"  >\n\t\t\t\n\t\t\t\n<h1><span style=\"background-color: #000000; color: #ffffff; font-size: 120%;\">\u00a0 SERVICIOS\u00a0<\/span><\/h1>\n<p class=\"p1\"><strong>Ofrecemos soporte integral en importaci\u00f3n\/exportaci\u00f3n, tanto para quienes dan sus primeros pasos en el comercio internacional como para operadores experimentados que buscan optimizar tiempos, costos y resultados.<\/strong><\/p>\n\t\t<\/div>\n\t\t\t\t\n<style>\n#col-1966904299 > .col-inner {\n  padding: 0px 30px 0px 30px;\n}\n<\/style>\n\t<\/div>\n\n\t\n<\/div>\n\t\t<\/div>\n\n\t\t\n<style>\n#section_1679373621 {\n  padding-top: 0px;\n  padding-bottom: 0px;\n}\n<\/style>\n\t<\/section>\n\t\n\n\t<section class=\"section\" id=\"section_1948493488\">\n\t\t<div class=\"section-bg fill\" >\n\t\t\t\t\t\t\t\t\t\n\t\t\t\n\n\t\t<\/div>\n\n\t\t\n\n\t\t<div class=\"section-content relative\">\n\t\t\t\n\t<div id=\"text-1366244020\" class=\"text\">\n\t\t\n<h2><span style=\"background-color: #000000; color: #ffffff;\">\u00a0 QU\u00c9 HACEMOS \u00a0<\/span><\/h2>\n\t\t\n<style>\n#text-1366244020 {\n  text-align: center;\n}\n<\/style>\n\t<\/div>\n\t\n\t<div id=\"gap-1408274729\" class=\"gap-element clearfix\" style=\"display:block; height:auto;\">\n\t\t\n<style>\n#gap-1408274729 {\n  padding-top: 30px;\n}\n<\/style>\n\t<\/div>\n\t\n<div class=\"row align-center\"  id=\"row-1272940971\">\n\n\t<div id=\"col-56938721\" class=\"col medium-5 small-12 large-5\"  >\n\t\t\t\t<div class=\"col-inner text-left\"  >\n\t\t\t\n\t\t\t\n<ul>\n<li class=\"bullet-checkmark\">Apoyo operativo para importaciones, con asistencia personalizada en cada etapa del proceso.<\/li>\n<li class=\"bullet-checkmark\">Optimizaci\u00f3n de las actividades de comercio internacional, desde la b\u00fasqueda de proveedores confiables y nuevos clientes hasta la negociaci\u00f3n final del pedido.<\/li>\n<li class=\"bullet-checkmark\">An\u00e1lisis de mercado espec\u00edficos para identificar las mejores oportunidades de compra o venta.<\/li>\n<li class=\"bullet-checkmark\">B\u00fasqueda del mejor precio y las condiciones m\u00e1s ventajosas para cada transacci\u00f3n.<\/li>\n<\/ul>\n\t\t<\/div>\n\t\t\t\t\t<\/div>\n\n\t\n\n\t<div id=\"col-120027766\" class=\"col medium-5 small-12 large-5\"  >\n\t\t\t\t<div class=\"col-inner text-left\"  >\n\t\t\t\n\t\t\t\n<ul>\n<li class=\"bullet-checkmark\">Identificaci\u00f3n de nuevos compradores y proveedores a nivel mundial.<\/li>\n<li class=\"bullet-checkmark\">Asistencia en la gesti\u00f3n de la documentaci\u00f3n internacional necesaria para exportaciones e importaciones.<\/li>\n<li class=\"bullet-checkmark\">Apoyo financiero, con orientaci\u00f3n sobre pagos, cr\u00e9dito y garant\u00edas.<\/li>\n<li class=\"bullet-checkmark\">Organizaci\u00f3n de visitas y reuniones con f\u00e1bricas sider\u00fargicas, clientes o socios comerciales.<\/li>\n<li class=\"bullet-checkmark\">Coordinaci\u00f3n log\u00edstica para env\u00edos eficientes.<\/li>\n<li class=\"bullet-checkmark\">Soporte multiling\u00fce en espa\u00f1ol, ingl\u00e9s y franc\u00e9s.<\/li>\n<\/ul>\n\t\t<\/div>\n\t\t\t\t\t<\/div>\n\n\t\n<\/div>\n<div class=\"row\"  id=\"row-998753227\">\n\n\t<div id=\"col-1944830879\" class=\"col small-12 large-12\"  >\n\t\t\t\t<div class=\"col-inner\"  >\n\t\t\t\n\t\t\t\n\n  \n    <div class=\"row large-columns-4 medium-columns-2 small-columns-2 row-small\" >\n  <div class=\"gallery-col col\" >\n          <div class=\"col-inner\">\n                        <div class=\"box has-hover gallery-box box-normal\">\n              <div class=\"box-image image-cover\" style=\"padding-top:75%;\">\n                <img loading=\"lazy\" decoding=\"async\" width=\"300\" height=\"225\" src=\"https:\/\/adamasteel.com\/wp-content\/uploads\/2025\/07\/Prepaited_Hot-dip_Galvanized2-300x225.jpg\" class=\"attachment-medium size-medium\" alt=\"\" ids=\"986,973,967,978\" style=\"normal\" lightbox=\"false\" col_spacing=\"small\" columns__sm=\"2\" columns__md=\"2\" image_height=\"75%\" srcset=\"https:\/\/adamasteel.com\/wp-content\/uploads\/2025\/07\/Prepaited_Hot-dip_Galvanized2-300x225.jpg 300w, https:\/\/adamasteel.com\/wp-content\/uploads\/2025\/07\/Prepaited_Hot-dip_Galvanized2-768x576.jpg 768w, https:\/\/adamasteel.com\/wp-content\/uploads\/2025\/07\/Prepaited_Hot-dip_Galvanized2.jpg 800w\" sizes=\"auto, (max-width: 300px) 100vw, 300px\" \/>                                                              <\/div>\n              <div class=\"box-text text-left\" >\n                 <p><\/p>\n              <\/div>\n            <\/div>\n                      <\/div>\n         <\/div><div class=\"gallery-col col\" >\n          <div class=\"col-inner\">\n                        <div class=\"box has-hover gallery-box box-normal\">\n              <div class=\"box-image image-cover\" style=\"padding-top:75%;\">\n                <img loading=\"lazy\" decoding=\"async\" width=\"300\" height=\"225\" src=\"https:\/\/adamasteel.com\/wp-content\/uploads\/2025\/07\/Cold-Rolled2-300x225.jpg\" class=\"attachment-medium size-medium\" alt=\"\" ids=\"986,973,967,978\" style=\"normal\" lightbox=\"false\" col_spacing=\"small\" columns__sm=\"2\" columns__md=\"2\" image_height=\"75%\" srcset=\"https:\/\/adamasteel.com\/wp-content\/uploads\/2025\/07\/Cold-Rolled2-300x225.jpg 300w, https:\/\/adamasteel.com\/wp-content\/uploads\/2025\/07\/Cold-Rolled2-768x576.jpg 768w, https:\/\/adamasteel.com\/wp-content\/uploads\/2025\/07\/Cold-Rolled2.jpg 800w\" sizes=\"auto, (max-width: 300px) 100vw, 300px\" \/>                                                              <\/div>\n              <div class=\"box-text text-left\" >\n                 <p><\/p>\n              <\/div>\n            <\/div>\n                      <\/div>\n         <\/div><div class=\"gallery-col col\" >\n          <div class=\"col-inner\">\n                        <div class=\"box has-hover gallery-box box-normal\">\n              <div class=\"box-image image-cover\" style=\"padding-top:75%;\">\n                <img loading=\"lazy\" decoding=\"async\" width=\"300\" height=\"225\" src=\"https:\/\/adamasteel.com\/wp-content\/uploads\/2025\/07\/Banda-Stagnata_2-300x225.jpg\" class=\"attachment-medium size-medium\" alt=\"\" ids=\"986,973,967,978\" style=\"normal\" lightbox=\"false\" col_spacing=\"small\" columns__sm=\"2\" columns__md=\"2\" image_height=\"75%\" srcset=\"https:\/\/adamasteel.com\/wp-content\/uploads\/2025\/07\/Banda-Stagnata_2-300x225.jpg 300w, https:\/\/adamasteel.com\/wp-content\/uploads\/2025\/07\/Banda-Stagnata_2-768x576.jpg 768w, https:\/\/adamasteel.com\/wp-content\/uploads\/2025\/07\/Banda-Stagnata_2.jpg 800w\" sizes=\"auto, (max-width: 300px) 100vw, 300px\" \/>                                                              <\/div>\n              <div class=\"box-text text-left\" >\n                 <p><\/p>\n              <\/div>\n            <\/div>\n                      <\/div>\n         <\/div><div class=\"gallery-col col\" >\n          <div class=\"col-inner\">\n                        <div class=\"box has-hover gallery-box box-normal\">\n              <div class=\"box-image image-cover\" style=\"padding-top:75%;\">\n                <img loading=\"lazy\" decoding=\"async\" width=\"300\" height=\"225\" src=\"https:\/\/adamasteel.com\/wp-content\/uploads\/2025\/07\/Hot_Rolled_Coils2-300x225.jpg\" class=\"attachment-medium size-medium\" alt=\"\" ids=\"986,973,967,978\" style=\"normal\" lightbox=\"false\" col_spacing=\"small\" columns__sm=\"2\" columns__md=\"2\" image_height=\"75%\" srcset=\"https:\/\/adamasteel.com\/wp-content\/uploads\/2025\/07\/Hot_Rolled_Coils2-300x225.jpg 300w, https:\/\/adamasteel.com\/wp-content\/uploads\/2025\/07\/Hot_Rolled_Coils2-768x576.jpg 768w, https:\/\/adamasteel.com\/wp-content\/uploads\/2025\/07\/Hot_Rolled_Coils2.jpg 800w\" sizes=\"auto, (max-width: 300px) 100vw, 300px\" \/>                                                              <\/div>\n              <div class=\"box-text text-left\" >\n                 <p><\/p>\n              <\/div>\n            <\/div>\n                      <\/div>\n         <\/div><\/div>\n\t\t<\/div>\n\t\t\t\t\t<\/div>\n\n\t\n<\/div>\n\t\t<\/div>\n\n\t\t\n<style>\n#section_1948493488 {\n  padding-top: 0px;\n  padding-bottom: 0px;\n}\n<\/style>\n\t<\/section>\n\t\n","protected":false},"excerpt":{"rendered":"","protected":false},"author":1,"featured_media":0,"parent":0,"menu_order":0,"comment_status":"closed","ping_status":"closed","template":"page-blank.php","meta":{"footnotes":""},"class_list":["post-1345","page","type-page","status-publish","hentry"],"_links":{"self":[{"href":"https:\/\/adamasteel.com\/es\/wp-json\/wp\/v2\/pages\/1345","targetHints":{"allow":["GET"]}}],"collection":[{"href":"https:\/\/adamasteel.com\/es\/wp-json\/wp\/v2\/pages"}],"about":[{"href":"https:\/\/adamasteel.com\/es\/wp-json\/wp\/v2\/types\/page"}],"author":[{"embeddable":true,"href":"https:\/\/adamasteel.com\/es\/wp-json\/wp\/v2\/users\/1"}],"replies":[{"embeddable":true,"href":"https:\/\/adamasteel.com\/es\/wp-json\/wp\/v2\/comments?post=1345"}],"version-history":[{"count":3,"href":"https:\/\/adamasteel.com\/es\/wp-json\/wp\/v2\/pages\/1345\/revisions"}],"predecessor-version":[{"id":1348,"href":"https:\/\/adamasteel.com\/es\/wp-json\/wp\/v2\/pages\/1345\/revisions\/1348"}],"wp:attachment":[{"href":"https:\/\/adamasteel.com\/es\/wp-json\/wp\/v2\/media?parent=1345"}],"curies":[{"name":"wp","href":"https:\/\/api.w.org\/{rel}","templated":true}]}}